{"id":70,"date":"2024-05-07T14:28:17","date_gmt":"2024-05-07T12:28:17","guid":{"rendered":"https:\/\/le-reseau.be\/?page_id=70"},"modified":"2024-05-14T11:04:27","modified_gmt":"2024-05-14T09:04:27","slug":"nous-contacter","status":"publish","type":"page","link":"https:\/\/le-reseau.be\/?page_id=70","title":{"rendered":"Nous contacter"},"content":{"rendered":"\n<p class=\"has-text-align-center\">info@le-reseau.be<\/p>\n\n\n\n<figure class=\"wp-block-image aligncenter size-large is-resized\"><img loading=\"lazy\" decoding=\"async\" width=\"1024\" height=\"683\" src=\"https:\/\/le-reseau.be\/wp-content\/uploads\/2024\/05\/c-Leslie-Artamonov-Quai10-Atrium-1024x683.jpg\" alt=\"\" class=\"wp-image-109\" style=\"width:433px;height:auto\" srcset=\"https:\/\/le-reseau.be\/wp-content\/uploads\/2024\/05\/c-Leslie-Artamonov-Quai10-Atrium-1024x683.jpg 1024w, https:\/\/le-reseau.be\/wp-content\/uploads\/2024\/05\/c-Leslie-Artamonov-Quai10-Atrium-300x200.jpg 300w, https:\/\/le-reseau.be\/wp-content\/uploads\/2024\/05\/c-Leslie-Artamonov-Quai10-Atrium-768x512.jpg 768w, https:\/\/le-reseau.be\/wp-content\/uploads\/2024\/05\/c-Leslie-Artamonov-Quai10-Atrium-1536x1024.jpg 1536w, https:\/\/le-reseau.be\/wp-content\/uploads\/2024\/05\/c-Leslie-Artamonov-Quai10-Atrium-2048x1365.jpg 2048w\" sizes=\"auto, (max-width: 1024px) 100vw, 1024px\" \/><figcaption class=\"wp-element-caption\">Photo: Leslie Artamonov &#8211; vue de l&rsquo;Atrium, Quai10<\/figcaption><\/figure>\n\n\n\n<h2 class=\"wp-block-heading\">T\u00e9moignages de spectateur\u00b7ices<\/h2>\n\n\n\n<blockquote class=\"wp-block-quote is-layout-flow wp-block-quote-is-layout-flow\">\n<p class=\"has-medium-font-size\"><em>\u00ab Le film Animals reste grav\u00e9 dans ma m\u00e9moire, avec la pr\u00e9sentation du projet qui passe dans les \u00e9coles et qui sensibilise \u00e0 l\u2019homophobie \u00bb.<\/em><\/p>\n<\/blockquote>\n\n\n\n<blockquote class=\"wp-block-quote is-layout-flow wp-block-quote-is-layout-flow\">\n<p class=\"has-medium-font-size\"><em>\u00ab Merci pour la pr\u00e9sentation d&rsquo;un magnifique documentaire r\u00e9alis\u00e9 avec et sur le parcours des enfants des centres de r\u00e9fugi\u00e9s de la Croix Rouge dont certains \u00e9taient pr\u00e9sents dans la salle. Percutant et terriblement \u00e9mouvant \u00bb.<\/em><\/p>\n<\/blockquote>\n\n\n\n<blockquote class=\"wp-block-quote is-layout-flow wp-block-quote-is-layout-flow\">\n<p class=\"has-medium-font-size\"><em>\u00ab Rencontrer des protagonistes du film donne une autre approche. (\u00ab C\u2019est \u00e7a l\u2019amour \u00bb par exemple avec Bouli Lanners et les deux jeunes actrices). L\u2019histoire s\u2019incarne davantage\u2026 \u00bb<\/em><\/p>\n<\/blockquote>\n\n\n\n<figure class=\"wp-block-image aligncenter size-full is-resized\"><img loading=\"lazy\" decoding=\"async\" width=\"800\" height=\"493\" src=\"https:\/\/le-reseau.be\/wp-content\/uploads\/2024\/05\/cafeo_Namur.jpg\" alt=\"\" class=\"wp-image-110\" style=\"width:409px;height:auto\" srcset=\"https:\/\/le-reseau.be\/wp-content\/uploads\/2024\/05\/cafeo_Namur.jpg 800w, https:\/\/le-reseau.be\/wp-content\/uploads\/2024\/05\/cafeo_Namur-300x185.jpg 300w, https:\/\/le-reseau.be\/wp-content\/uploads\/2024\/05\/cafeo_Namur-768x473.jpg 768w\" sizes=\"auto, (max-width: 800px) 100vw, 800px\" \/><figcaption class=\"wp-element-caption\">Photo: Cafeo &#8211; Cinema Cameo Namur<\/figcaption><\/figure>\n\n\n\n<blockquote class=\"wp-block-quote is-layout-flow wp-block-quote-is-layout-flow\">\n<p class=\"has-medium-font-size\"><em>\u00ab Projection suivie d\u2019un d\u00e9bat : Les enfants ont pu expliquer la mani\u00e8re dont chacun exprime et g\u00e8re ses \u00e9motions et donc prendre des id\u00e9es chez les autres \u00bb.<\/em><\/p>\n<\/blockquote>\n\n\n\n<blockquote class=\"wp-block-quote is-layout-flow wp-block-quote-is-layout-flow\">\n<p class=\"has-medium-font-size\"><em>\u00ab Au niveau p\u00e9dagogique, la sortie cin\u00e9ma s\u2019inscrit dans le cadre de mon cours d&rsquo;\u00e9tude du milieu dans le chapitre consacr\u00e9 \u00e0 \u00ab\u00a0vivre en soci\u00e9t\u00e9\u00a0\u00bb o\u00f9 nous abordons la question de la libert\u00e9 d&rsquo;expression et la question du genre dans notre soci\u00e9t\u00e9 \u00bb<\/em><\/p>\n<\/blockquote>\n\n\n\n<blockquote class=\"wp-block-quote is-layout-flow wp-block-quote-is-layout-flow\">\n<p class=\"has-medium-font-size\"><em>\u201cLe m\u00eame bonheur toujours renouvel\u00e9. J&rsquo;ai retrouv\u00e9 le chemin de cette salle d&rsquo;art et d&rsquo;essai en plein centre-ville, aux tarifs tr\u00e8s attractifs avec par exemple un abonnement \u00e0 30\u20ac pour 6 s\u00e9ances. Abonnement non nominatif. Pas de pub. Ouf. Et un public qui ne vient pas au cin\u00e9ma pour manger du pop-corn. Le bonheur, je vous dis\u201d<\/em><\/p>\n<\/blockquote>\n\n\n\n<figure class=\"wp-block-image aligncenter size-large is-resized\"><img loading=\"lazy\" decoding=\"async\" width=\"1024\" height=\"725\" src=\"https:\/\/le-reseau.be\/wp-content\/uploads\/2024\/05\/26-1024x725.jpg\" alt=\"\" class=\"wp-image-111\" style=\"width:398px;height:auto\" srcset=\"https:\/\/le-reseau.be\/wp-content\/uploads\/2024\/05\/26-1024x725.jpg 1024w, https:\/\/le-reseau.be\/wp-content\/uploads\/2024\/05\/26-300x212.jpg 300w, https:\/\/le-reseau.be\/wp-content\/uploads\/2024\/05\/26-768x544.jpg 768w, https:\/\/le-reseau.be\/wp-content\/uploads\/2024\/05\/26-1536x1087.jpg 1536w, https:\/\/le-reseau.be\/wp-content\/uploads\/2024\/05\/26-2048x1449.jpg 2048w\" sizes=\"auto, (max-width: 1024px) 100vw, 1024px\" \/><figcaption class=\"wp-element-caption\">Photo: Cinema Palace Bruxelles<\/figcaption><\/figure>\n","protected":false},"excerpt":{"rendered":"<p>info@le-reseau.be T\u00e9moignages de spectateur\u00b7ices \u00ab Le film Animals reste grav\u00e9 dans ma m\u00e9moire, avec la pr\u00e9sentation du projet qui passe dans les \u00e9coles et qui sensibilise \u00e0 l\u2019homophobie \u00bb. \u00ab Merci pour la pr\u00e9sentation d&rsquo;un magnifique documentaire r\u00e9alis\u00e9 avec et sur le parcours des enfants des centres de r\u00e9fugi\u00e9s de la Croix Rouge dont certains [&hellip;]<\/p>\n","protected":false},"author":3,"featured_media":0,"parent":0,"menu_order":0,"comment_status":"closed","ping_status":"closed","template":"","meta":{"footnotes":""},"class_list":["post-70","page","type-page","status-publish","hentry"],"_links":{"self":[{"href":"https:\/\/le-reseau.be\/index.php?rest_route=\/wp\/v2\/pages\/70","targetHints":{"allow":["GET"]}}],"collection":[{"href":"https:\/\/le-reseau.be\/index.php?rest_route=\/wp\/v2\/pages"}],"about":[{"href":"https:\/\/le-reseau.be\/index.php?rest_route=\/wp\/v2\/types\/page"}],"author":[{"embeddable":true,"href":"https:\/\/le-reseau.be\/index.php?rest_route=\/wp\/v2\/users\/3"}],"replies":[{"embeddable":true,"href":"https:\/\/le-reseau.be\/index.php?rest_route=%2Fwp%2Fv2%2Fcomments&post=70"}],"version-history":[{"count":5,"href":"https:\/\/le-reseau.be\/index.php?rest_route=\/wp\/v2\/pages\/70\/revisions"}],"predecessor-version":[{"id":113,"href":"https:\/\/le-reseau.be\/index.php?rest_route=\/wp\/v2\/pages\/70\/revisions\/113"}],"wp:attachment":[{"href":"https:\/\/le-reseau.be\/index.php?rest_route=%2Fwp%2Fv2%2Fmedia&parent=70"}],"curies":[{"name":"wp","href":"https:\/\/api.w.org\/{rel}","templated":true}]}}